{"id":493,"date":"2023-02-21T13:51:55","date_gmt":"2023-02-21T13:51:55","guid":{"rendered":"https:\/\/medinternational.com.tr\/de\/?page_id=493"},"modified":"2025-11-17T17:10:27","modified_gmt":"2025-11-17T17:10:27","slug":"von-uns-beauftragte-institutionen","status":"publish","type":"page","link":"https:\/\/medinternational.com.tr\/de\/von-uns-beauftragte-institutionen\/","title":{"rendered":"Von Uns Beauftragte Institutionen"},"content":{"rendered":"\t\t<div data-elementor-type=\"wp-page\" data-elementor-id=\"493\" class=\"elementor elementor-493\">\n\t\t\t\t\t\t<section class=\"elementor-section elementor-top-section elementor-element elementor-element-61eaa4f elementor-section-boxed elementor-section-height-default elementor-section-height-default\" data-id=\"61eaa4f\" data-element_type=\"section\" data-e-type=\"section\">\n\t\t\t\t\t\t<div class=\"elementor-container elementor-column-gap-default\">\n\t\t\t\t\t<div class=\"elementor-column elementor-col-50 elementor-top-column elementor-element elementor-element-5ff6f96\" data-id=\"5ff6f96\" data-element_type=\"column\" data-e-type=\"column\">\n\t\t\t<div class=\"elementor-widget-wrap elementor-element-populated\">\n\t\t\t\t\t\t<div class=\"elementor-element elementor-element-5d54c2c elementor-widget elementor-widget-image\" data-id=\"5d54c2c\" data-element_type=\"widget\" data-e-type=\"widget\" data-widget_type=\"image.default\">\n\t\t\t\t<div class=\"elementor-widget-container\">\n\t\t\t\t\t\t\t\t\t\t\t\t\t\t\t<img decoding=\"async\" src=\"https:\/\/medinternational.com.tr\/de\/wp-content\/uploads\/elementor\/thumbs\/ahmet-dogan-1-q1wqyfroroqrjgs0e939uwo3qwja0mf4h4f1069pp4.jpg\" title=\"ahmet-dogan\" alt=\"ahmet-dogan\" loading=\"lazy\" \/>\t\t\t\t\t\t\t\t\t\t\t\t\t\t\t<\/div>\n\t\t\t\t<\/div>\n\t\t\t\t<div class=\"elementor-element elementor-element-f85a77f elementor-widget elementor-widget-heading\" data-id=\"f85a77f\" data-element_type=\"widget\" data-e-type=\"widget\" data-widget_type=\"heading.default\">\n\t\t\t\t<div class=\"elementor-widget-container\">\n\t\t\t\t\t<h4 class=\"elementor-heading-title elementor-size-default\">Ahmet Do\u011fan<\/h4>\t\t\t\t<\/div>\n\t\t\t\t<\/div>\n\t\t\t\t\t<\/div>\n\t\t<\/div>\n\t\t\t\t<div class=\"elementor-column elementor-col-50 elementor-top-column elementor-element elementor-element-a9a8574\" data-id=\"a9a8574\" data-element_type=\"column\" data-e-type=\"column\">\n\t\t\t<div class=\"elementor-widget-wrap elementor-element-populated\">\n\t\t\t\t\t\t<div class=\"elementor-element elementor-element-716bc45 elementor-widget elementor-widget-heading\" data-id=\"716bc45\" data-element_type=\"widget\" data-e-type=\"widget\" data-widget_type=\"heading.default\">\n\t\t\t\t<div class=\"elementor-widget-container\">\n\t\t\t\t\t<h4 class=\"elementor-heading-title elementor-size-default\">Ahmet Do\u011fan<\/h4>\t\t\t\t<\/div>\n\t\t\t\t<\/div>\n\t\t\t\t<div class=\"elementor-element elementor-element-74d1075 elementor-widget elementor-widget-text-editor\" data-id=\"74d1075\" data-element_type=\"widget\" data-e-type=\"widget\" data-widget_type=\"text-editor.default\">\n\t\t\t\t<div class=\"elementor-widget-container\">\n\t\t\t\t\t\t\t\t\t<p>Facharzt f\u00fcr Allgemeinchirurgie<br \/>Ahmet DO\u011eAN, ich habe die medizinische Ausbildung, die ich an der Medizinischen Fakult\u00e4t Capa der Universit\u00e4t Istanbul begonnen habe, erfolgreich abgeschlossen und den Titel eines Arztes erhalten. Ich habe meine Spezialisierung am Ausbildungs- und Forschungskrankenhaus Haydarpa\u015fa Numune abgeschlossen und wurde Facharzt f\u00fcr Allgemeine Chirurgie. Ich habe meinen Pflichtdienst im Staatskrankenhaus Mardin Midyat abgeleistet. Nach meinem Pflichtdienst setze ich meinen Beruf in meiner Privatklinik fort. Gleichzeitig mache ich weiter mein akademisches Studium an der Istanbul Atlas University als Dozent Minimal Ich habe Ausbildung und Praxis in invasiver Chirurgie, Laparoskopie und Roboterchirurgie T\u00fcrkische Gesellschaft f\u00fcr Chirurgie Robotic Surgery Kurs und Training, Elancourt \u2013 Paris (Masterclass) und IRCAD \u2013 Stra\u00dfburg (Advanced Tehhnuques In Laparoskopie)-Kurs, Fortgeschrittene laparoskopische Chirurgie, Hernienchirurgie, Tumorchirurgie, Ich habe viele Schulungs- und Zertifikatsprogramme erfolgreich abgeschlossen, wie z. Kurs Sportmedizin.<\/p>\t\t\t\t\t\t\t\t<\/div>\n\t\t\t\t<\/div>\n\t\t\t\t<div class=\"elementor-element elementor-element-12e3d22 elementor-align-center elementor-widget elementor-widget-button\" data-id=\"12e3d22\" data-element_type=\"widget\" data-e-type=\"widget\" data-widget_type=\"button.default\">\n\t\t\t\t<div class=\"elementor-widget-container\">\n\t\t\t\t\t\t\t\t\t<div class=\"elementor-button-wrapper\">\n\t\t\t\t\t<a class=\"elementor-button elementor-button-link elementor-size-lg\" href=\"https:\/\/www.opdrahmetdogan.com\/\">\n\t\t\t\t\t\t<span class=\"elementor-button-content-wrapper\">\n\t\t\t\t\t\t\t\t\t<span class=\"elementor-button-text\">Webseite<\/span>\n\t\t\t\t\t<\/span>\n\t\t\t\t\t<\/a>\n\t\t\t\t<\/div>\n\t\t\t\t\t\t\t\t<\/div>\n\t\t\t\t<\/div>\n\t\t\t\t\t<\/div>\n\t\t<\/div>\n\t\t\t\t\t<\/div>\n\t\t<\/section>\n\t\t\t\t<section class=\"elementor-section elementor-top-section elementor-element elementor-element-7742512 elementor-section-boxed elementor-section-height-default elementor-section-height-default\" data-id=\"7742512\" data-element_type=\"section\" data-e-type=\"section\">\n\t\t\t\t\t\t<div class=\"elementor-container elementor-column-gap-default\">\n\t\t\t\t\t<div class=\"elementor-column elementor-col-100 elementor-top-column elementor-element elementor-element-fc93aef\" data-id=\"fc93aef\" data-element_type=\"column\" data-e-type=\"column\">\n\t\t\t<div class=\"elementor-widget-wrap elementor-element-populated\">\n\t\t\t\t\t\t<div class=\"elementor-element elementor-element-1708433 elementor-widget-divider--view-line elementor-widget elementor-widget-divider\" data-id=\"1708433\" data-element_type=\"widget\" data-e-type=\"widget\" data-widget_type=\"divider.default\">\n\t\t\t\t<div class=\"elementor-widget-container\">\n\t\t\t\t\t\t\t<div class=\"elementor-divider\">\n\t\t\t<span class=\"elementor-divider-separator\">\n\t\t\t\t\t\t<\/span>\n\t\t<\/div>\n\t\t\t\t\t\t<\/div>\n\t\t\t\t<\/div>\n\t\t\t\t\t<\/div>\n\t\t<\/div>\n\t\t\t\t\t<\/div>\n\t\t<\/section>\n\t\t\t\t<section class=\"elementor-section elementor-top-section elementor-element elementor-element-7fcc3a9 elementor-section-boxed elementor-section-height-default elementor-section-height-default\" data-id=\"7fcc3a9\" data-element_type=\"section\" data-e-type=\"section\">\n\t\t\t\t\t\t<div class=\"elementor-container elementor-column-gap-default\">\n\t\t\t\t\t<div class=\"elementor-column elementor-col-50 elementor-top-column elementor-element elementor-element-0e139aa\" data-id=\"0e139aa\" data-element_type=\"column\" data-e-type=\"column\">\n\t\t\t<div class=\"elementor-widget-wrap elementor-element-populated\">\n\t\t\t\t\t\t<div class=\"elementor-element elementor-element-8b7af1f elementor-widget elementor-widget-image\" data-id=\"8b7af1f\" data-element_type=\"widget\" data-e-type=\"widget\" data-widget_type=\"image.default\">\n\t\t\t\t<div class=\"elementor-widget-container\">\n\t\t\t\t\t\t\t\t\t\t\t\t\t\t\t<img fetchpriority=\"high\" decoding=\"async\" width=\"569\" height=\"130\" src=\"https:\/\/medinternational.com.tr\/de\/wp-content\/uploads\/2025\/04\/denthub.png\" class=\"attachment-large size-large wp-image-543\" alt=\"\" srcset=\"https:\/\/medinternational.com.tr\/de\/wp-content\/uploads\/2025\/04\/denthub.png 569w, https:\/\/medinternational.com.tr\/de\/wp-content\/uploads\/2025\/04\/denthub-300x69.png 300w, https:\/\/medinternational.com.tr\/de\/wp-content\/uploads\/2025\/04\/denthub-260x59.png 260w, https:\/\/medinternational.com.tr\/de\/wp-content\/uploads\/2025\/04\/denthub-50x11.png 50w, https:\/\/medinternational.com.tr\/de\/wp-content\/uploads\/2025\/04\/denthub-150x34.png 150w\" sizes=\"(max-width: 569px) 100vw, 569px\" \/>\t\t\t\t\t\t\t\t\t\t\t\t\t\t\t<\/div>\n\t\t\t\t<\/div>\n\t\t\t\t<div class=\"elementor-element elementor-element-d676d8a elementor-widget elementor-widget-heading\" data-id=\"d676d8a\" data-element_type=\"widget\" data-e-type=\"widget\" data-widget_type=\"heading.default\">\n\t\t\t\t<div class=\"elementor-widget-container\">\n\t\t\t\t\t<h4 class=\"elementor-heading-title elementor-size-default\">Denthub<\/h4>\t\t\t\t<\/div>\n\t\t\t\t<\/div>\n\t\t\t\t\t<\/div>\n\t\t<\/div>\n\t\t\t\t<div class=\"elementor-column elementor-col-50 elementor-top-column elementor-element elementor-element-1b09bc8\" data-id=\"1b09bc8\" data-element_type=\"column\" data-e-type=\"column\">\n\t\t\t<div class=\"elementor-widget-wrap elementor-element-populated\">\n\t\t\t\t\t\t<div class=\"elementor-element elementor-element-2065dbd elementor-widget elementor-widget-text-editor\" data-id=\"2065dbd\" data-element_type=\"widget\" data-e-type=\"widget\" data-widget_type=\"text-editor.default\">\n\t\t\t\t<div class=\"elementor-widget-container\">\n\t\t\t\t\t\t\t\t\t<p>Mit 18 Jahren Erfahrung bietet sie ihren Patienten Dienstleistungen im Bereich der Mund- und Zahngesundheit an.<br \/>Anwendungen der digitalen Zahnheilkunde werden auch mit ger\u00e4umigen, technologischen und hochwertigen Dentalmaterialien und -ger\u00e4ten durchgef\u00fchrt.<br \/>Ihr Ziel ist es, den Innovationen der Moderne zu folgen, sie umzusetzen, ihre Patienten zu verstehen, ihre Erwartungen zu erf\u00fcllen und Leistungen auf der Grundlage gegenseitigen Vertrauens zu erbringen.<\/p>\t\t\t\t\t\t\t\t<\/div>\n\t\t\t\t<\/div>\n\t\t\t\t<div class=\"elementor-element elementor-element-e34b99b elementor-align-center elementor-widget elementor-widget-button\" data-id=\"e34b99b\" data-element_type=\"widget\" data-e-type=\"widget\" data-widget_type=\"button.default\">\n\t\t\t\t<div class=\"elementor-widget-container\">\n\t\t\t\t\t\t\t\t\t<div class=\"elementor-button-wrapper\">\n\t\t\t\t\t<a class=\"elementor-button elementor-button-link elementor-size-lg\" href=\"https:\/\/www.denthub.co.uk\/\">\n\t\t\t\t\t\t<span class=\"elementor-button-content-wrapper\">\n\t\t\t\t\t\t\t\t\t<span class=\"elementor-button-text\">Webseite<\/span>\n\t\t\t\t\t<\/span>\n\t\t\t\t\t<\/a>\n\t\t\t\t<\/div>\n\t\t\t\t\t\t\t\t<\/div>\n\t\t\t\t<\/div>\n\t\t\t\t\t<\/div>\n\t\t<\/div>\n\t\t\t\t\t<\/div>\n\t\t<\/section>\n\t\t\t\t<section class=\"elementor-section elementor-top-section elementor-element elementor-element-c05f413 elementor-section-boxed elementor-section-height-default elementor-section-height-default\" data-id=\"c05f413\" data-element_type=\"section\" data-e-type=\"section\">\n\t\t\t\t\t\t<div class=\"elementor-container elementor-column-gap-default\">\n\t\t\t\t\t<div class=\"elementor-column elementor-col-100 elementor-top-column elementor-element elementor-element-27070a7\" data-id=\"27070a7\" data-element_type=\"column\" data-e-type=\"column\">\n\t\t\t<div class=\"elementor-widget-wrap elementor-element-populated\">\n\t\t\t\t\t\t<div class=\"elementor-element elementor-element-4494614 elementor-widget-divider--view-line elementor-widget elementor-widget-divider\" data-id=\"4494614\" data-element_type=\"widget\" data-e-type=\"widget\" data-widget_type=\"divider.default\">\n\t\t\t\t<div class=\"elementor-widget-container\">\n\t\t\t\t\t\t\t<div class=\"elementor-divider\">\n\t\t\t<span class=\"elementor-divider-separator\">\n\t\t\t\t\t\t<\/span>\n\t\t<\/div>\n\t\t\t\t\t\t<\/div>\n\t\t\t\t<\/div>\n\t\t\t\t\t<\/div>\n\t\t<\/div>\n\t\t\t\t\t<\/div>\n\t\t<\/section>\n\t\t\t\t<section class=\"elementor-section elementor-top-section elementor-element elementor-element-4854156 elementor-section-boxed elementor-section-height-default elementor-section-height-default\" data-id=\"4854156\" data-element_type=\"section\" data-e-type=\"section\">\n\t\t\t\t\t\t<div class=\"elementor-container elementor-column-gap-default\">\n\t\t\t\t\t<div class=\"elementor-column elementor-col-50 elementor-top-column elementor-element elementor-element-364fd38\" data-id=\"364fd38\" data-element_type=\"column\" data-e-type=\"column\">\n\t\t\t<div class=\"elementor-widget-wrap elementor-element-populated\">\n\t\t\t\t\t\t<div class=\"elementor-element elementor-element-45eece7 elementor-widget elementor-widget-image\" data-id=\"45eece7\" data-element_type=\"widget\" data-e-type=\"widget\" data-widget_type=\"image.default\">\n\t\t\t\t<div class=\"elementor-widget-container\">\n\t\t\t\t\t\t\t\t\t\t\t\t\t\t\t<img decoding=\"async\" src=\"https:\/\/medinternational.com.tr\/wp-content\/uploads\/2023\/02\/indir-1.jpg\" title=\"\" alt=\"\" loading=\"lazy\" \/>\t\t\t\t\t\t\t\t\t\t\t\t\t\t\t<\/div>\n\t\t\t\t<\/div>\n\t\t\t\t<div class=\"elementor-element elementor-element-cdcecc8 elementor-widget elementor-widget-heading\" data-id=\"cdcecc8\" data-element_type=\"widget\" data-e-type=\"widget\" data-widget_type=\"heading.default\">\n\t\t\t\t<div class=\"elementor-widget-container\">\n\t\t\t\t\t<h4 class=\"elementor-heading-title elementor-size-default\">Zen-Poliklinik<\/h4>\t\t\t\t<\/div>\n\t\t\t\t<\/div>\n\t\t\t\t\t<\/div>\n\t\t<\/div>\n\t\t\t\t<div class=\"elementor-column elementor-col-50 elementor-top-column elementor-element elementor-element-1c041a9\" data-id=\"1c041a9\" data-element_type=\"column\" data-e-type=\"column\">\n\t\t\t<div class=\"elementor-widget-wrap elementor-element-populated\">\n\t\t\t\t\t\t<div class=\"elementor-element elementor-element-363e67c elementor-widget elementor-widget-text-editor\" data-id=\"363e67c\" data-element_type=\"widget\" data-e-type=\"widget\" data-widget_type=\"text-editor.default\">\n\t\t\t\t<div class=\"elementor-widget-container\">\n\t\t\t\t\t\t\t\t\t<p>Die Zen-Poliklinik konzentriert sich immer auf ihre Patienten; Sie h\u00f6ren sich ihre Bedenken an und entwickeln Behandlungsverfahren, um die gew\u00fcnschten Ergebnisse zu erzielen.<br \/>Die Zen-Poliklinik bietet hochmoderne, bew\u00e4hrte und sichere \u00e4sthetische Behandlungen in verschiedenen medizinischen Bereichen an, darunter Laserbehandlungen, F\u00fcllstoffe und Botox sowie nicht-chirurgische K\u00f6rperformung.<\/p>\t\t\t\t\t\t\t\t<\/div>\n\t\t\t\t<\/div>\n\t\t\t\t<div class=\"elementor-element elementor-element-0598625 elementor-align-center elementor-widget elementor-widget-button\" data-id=\"0598625\" data-element_type=\"widget\" data-e-type=\"widget\" data-widget_type=\"button.default\">\n\t\t\t\t<div class=\"elementor-widget-container\">\n\t\t\t\t\t\t\t\t\t<div class=\"elementor-button-wrapper\">\n\t\t\t\t\t<a class=\"elementor-button elementor-button-link elementor-size-lg\" href=\"https:\/\/zenpoliklinik.com\/tr\/\">\n\t\t\t\t\t\t<span class=\"elementor-button-content-wrapper\">\n\t\t\t\t\t\t\t\t\t<span class=\"elementor-button-text\">Webseite<\/span>\n\t\t\t\t\t<\/span>\n\t\t\t\t\t<\/a>\n\t\t\t\t<\/div>\n\t\t\t\t\t\t\t\t<\/div>\n\t\t\t\t<\/div>\n\t\t\t\t\t<\/div>\n\t\t<\/div>\n\t\t\t\t\t<\/div>\n\t\t<\/section>\n\t\t\t\t<section class=\"elementor-section elementor-top-section elementor-element elementor-element-cd14186 elementor-section-boxed elementor-section-height-default elementor-section-height-default\" data-id=\"cd14186\" data-element_type=\"section\" data-e-type=\"section\">\n\t\t\t\t\t\t<div class=\"elementor-container elementor-column-gap-default\">\n\t\t\t\t\t<div class=\"elementor-column elementor-col-100 elementor-top-column elementor-element elementor-element-b4c10f0\" data-id=\"b4c10f0\" data-element_type=\"column\" data-e-type=\"column\">\n\t\t\t<div class=\"elementor-widget-wrap elementor-element-populated\">\n\t\t\t\t\t\t<div class=\"elementor-element elementor-element-74f66a1 elementor-widget-divider--view-line elementor-widget elementor-widget-divider\" data-id=\"74f66a1\" data-element_type=\"widget\" data-e-type=\"widget\" data-widget_type=\"divider.default\">\n\t\t\t\t<div class=\"elementor-widget-container\">\n\t\t\t\t\t\t\t<div class=\"elementor-divider\">\n\t\t\t<span class=\"elementor-divider-separator\">\n\t\t\t\t\t\t<\/span>\n\t\t<\/div>\n\t\t\t\t\t\t<\/div>\n\t\t\t\t<\/div>\n\t\t\t\t\t<\/div>\n\t\t<\/div>\n\t\t\t\t\t<\/div>\n\t\t<\/section>\n\t\t\t\t<section class=\"elementor-section elementor-top-section elementor-element elementor-element-f191c5b elementor-section-boxed elementor-section-height-default elementor-section-height-default\" data-id=\"f191c5b\" data-element_type=\"section\" data-e-type=\"section\">\n\t\t\t\t\t\t<div class=\"elementor-container elementor-column-gap-default\">\n\t\t\t\t\t<div class=\"elementor-column elementor-col-100 elementor-top-column elementor-element elementor-element-199dc6a\" data-id=\"199dc6a\" data-element_type=\"column\" data-e-type=\"column\">\n\t\t\t<div class=\"elementor-widget-wrap elementor-element-populated\">\n\t\t\t\t\t\t<section class=\"elementor-section elementor-inner-section elementor-element elementor-element-f9aa5e2 elementor-section-boxed elementor-section-height-default elementor-section-height-default\" data-id=\"f9aa5e2\" data-element_type=\"section\" data-e-type=\"section\">\n\t\t\t\t\t\t<div class=\"elementor-container elementor-column-gap-default\">\n\t\t\t\t\t<div class=\"elementor-column elementor-col-25 elementor-inner-column elementor-element elementor-element-2334fd8\" data-id=\"2334fd8\" data-element_type=\"column\" data-e-type=\"column\">\n\t\t\t<div class=\"elementor-widget-wrap elementor-element-populated\">\n\t\t\t\t\t\t<div class=\"elementor-element elementor-element-24ded5f elementor-widget elementor-widget-mfn_trailer_box\" data-id=\"24ded5f\" data-element_type=\"widget\" data-e-type=\"widget\" data-widget_type=\"mfn_trailer_box.default\">\n\t\t\t\t<div class=\"elementor-widget-container\">\n\t\t\t\t\t<div class=\"trailer_box \"><img decoding=\"async\" class=\"scale-with-grid\" src=\"https:\/\/medinternational.com.tr\/wp-content\/uploads\/2023\/02\/partial-view-of-plastic-surgeon-in-latex-gloves-ma-2022-12-16-19-28-14-utc-1.jpg\" alt=\"Von Uns Beauftragte Institutionen\" width=\"\" height=\"\"\/><div class=\"desc\"><div class=\"subtitle\">K\u00f6rper\u00e4sthetik<\/div><div class=\"line\"><\/div><\/div><\/div>\n\t\t\t\t<\/div>\n\t\t\t\t<\/div>\n\t\t\t\t\t<\/div>\n\t\t<\/div>\n\t\t\t\t<div class=\"elementor-column elementor-col-25 elementor-inner-column elementor-element elementor-element-57539ea\" data-id=\"57539ea\" data-element_type=\"column\" data-e-type=\"column\">\n\t\t\t<div class=\"elementor-widget-wrap elementor-element-populated\">\n\t\t\t\t\t\t<div class=\"elementor-element elementor-element-11d10cc elementor-widget elementor-widget-mfn_trailer_box\" data-id=\"11d10cc\" data-element_type=\"widget\" data-e-type=\"widget\" data-widget_type=\"mfn_trailer_box.default\">\n\t\t\t\t<div class=\"elementor-widget-container\">\n\t\t\t\t\t<div class=\"trailer_box \"><img decoding=\"async\" class=\"scale-with-grid\" src=\"https:\/\/medinternational.com.tr\/wp-content\/uploads\/2023\/02\/breast-prosthesis-and-post-surgery-bra-for-breast-2022-02-03-08-02-00-utc-1.jpg\" alt=\"Von Uns Beauftragte Institutionen\" width=\"\" height=\"\"\/><div class=\"desc\"><div class=\"subtitle\">Brust\u00e4sthetik<\/div><div class=\"line\"><\/div><\/div><\/div>\n\t\t\t\t<\/div>\n\t\t\t\t<\/div>\n\t\t\t\t\t<\/div>\n\t\t<\/div>\n\t\t\t\t<div class=\"elementor-column elementor-col-25 elementor-inner-column elementor-element elementor-element-b0aa93e\" data-id=\"b0aa93e\" data-element_type=\"column\" data-e-type=\"column\">\n\t\t\t<div class=\"elementor-widget-wrap elementor-element-populated\">\n\t\t\t\t\t\t<div class=\"elementor-element elementor-element-24dcaf0 elementor-widget elementor-widget-mfn_trailer_box\" data-id=\"24dcaf0\" data-element_type=\"widget\" data-e-type=\"widget\" data-widget_type=\"mfn_trailer_box.default\">\n\t\t\t\t<div class=\"elementor-widget-container\">\n\t\t\t\t\t<div class=\"trailer_box \"><img decoding=\"async\" class=\"scale-with-grid\" src=\"https:\/\/medinternational.com.tr\/wp-content\/uploads\/2023\/02\/white-woman-aesthetic-and-cosmetic-surgery-concept-2022-12-16-00-43-32-utc-1.jpg\" alt=\"Von Uns Beauftragte Institutionen\" width=\"\" height=\"\"\/><div class=\"desc\"><div class=\"subtitle\">Gesichts\u00e4sthetik<\/div><div class=\"line\"><\/div><\/div><\/div>\n\t\t\t\t<\/div>\n\t\t\t\t<\/div>\n\t\t\t\t\t<\/div>\n\t\t<\/div>\n\t\t\t\t<div class=\"elementor-column elementor-col-25 elementor-inner-column elementor-element elementor-element-937d540\" data-id=\"937d540\" data-element_type=\"column\" data-e-type=\"column\">\n\t\t\t<div class=\"elementor-widget-wrap elementor-element-populated\">\n\t\t\t\t\t\t<div class=\"elementor-element elementor-element-91a9f44 elementor-widget elementor-widget-mfn_trailer_box\" data-id=\"91a9f44\" data-element_type=\"widget\" data-e-type=\"widget\" data-widget_type=\"mfn_trailer_box.default\">\n\t\t\t\t<div class=\"elementor-widget-container\">\n\t\t\t\t\t<div class=\"trailer_box \"><img decoding=\"async\" class=\"scale-with-grid\" src=\"https:\/\/medinternational.com.tr\/wp-content\/uploads\/2023\/02\/male-dentist-and-patient-are-shaking-hands-in-a-de-2021-09-02-23-20-58-utc-1.jpg\" alt=\"Von Uns Beauftragte Institutionen\" width=\"\" height=\"\"\/><div class=\"desc\"><div class=\"subtitle\">zahn\u00e4rztliche Behandlungen<\/div><div class=\"line\"><\/div><\/div><\/div>\n\t\t\t\t<\/div>\n\t\t\t\t<\/div>\n\t\t\t\t\t<\/div>\n\t\t<\/div>\n\t\t\t\t\t<\/div>\n\t\t<\/section>\n\t\t\t\t\t<\/div>\n\t\t<\/div>\n\t\t\t\t\t<\/div>\n\t\t<\/section>\n\t\t\t\t<\/div>\n\t\t","protected":false},"excerpt":{"rendered":"<p>Ahmet Do\u011fan Ahmet Do\u011fan Facharzt f\u00fcr AllgemeinchirurgieAhmet DO\u011eAN, ich habe die medizinische Ausbildung, die ich an der Medizinischen Fakult\u00e4t Capa der Universit\u00e4t Istanbul begonnen habe, erfolgreich<span class=\"excerpt-hellip\"> [\u2026]<\/span><\/p>\n","protected":false},"author":1,"featured_media":0,"parent":0,"menu_order":0,"comment_status":"closed","ping_status":"closed","template":"","meta":{"footnotes":""},"class_list":["post-493","page","type-page","status-publish","hentry"],"_links":{"self":[{"href":"https:\/\/medinternational.com.tr\/de\/wp-json\/wp\/v2\/pages\/493","targetHints":{"allow":["GET"]}}],"collection":[{"href":"https:\/\/medinternational.com.tr\/de\/wp-json\/wp\/v2\/pages"}],"about":[{"href":"https:\/\/medinternational.com.tr\/de\/wp-json\/wp\/v2\/types\/page"}],"author":[{"embeddable":true,"href":"https:\/\/medinternational.com.tr\/de\/wp-json\/wp\/v2\/users\/1"}],"replies":[{"embeddable":true,"href":"https:\/\/medinternational.com.tr\/de\/wp-json\/wp\/v2\/comments?post=493"}],"version-history":[{"count":13,"href":"https:\/\/medinternational.com.tr\/de\/wp-json\/wp\/v2\/pages\/493\/revisions"}],"predecessor-version":[{"id":560,"href":"https:\/\/medinternational.com.tr\/de\/wp-json\/wp\/v2\/pages\/493\/revisions\/560"}],"wp:attachment":[{"href":"https:\/\/medinternational.com.tr\/de\/wp-json\/wp\/v2\/media?parent=493"}],"curies":[{"name":"wp","href":"https:\/\/api.w.org\/{rel}","templated":true}]}}