{"id":206,"date":"2023-02-14T14:12:43","date_gmt":"2023-02-14T14:12:43","guid":{"rendered":"https:\/\/medinternational.com.tr\/de\/?page_id=206"},"modified":"2023-07-25T15:16:16","modified_gmt":"2023-07-25T15:16:16","slug":"uber-uns","status":"publish","type":"page","link":"https:\/\/medinternational.com.tr\/de\/uber-uns\/","title":{"rendered":"\u00dcber Uns"},"content":{"rendered":"\t\t<div data-elementor-type=\"wp-page\" data-elementor-id=\"206\" class=\"elementor elementor-206\">\n\t\t\t\t\t\t<section class=\"elementor-section elementor-top-section elementor-element elementor-element-32465fe elementor-section-boxed elementor-section-height-default elementor-section-height-default\" data-id=\"32465fe\" data-element_type=\"section\" data-e-type=\"section\">\n\t\t\t\t\t\t<div class=\"elementor-container elementor-column-gap-default\">\n\t\t\t\t\t<div class=\"elementor-column elementor-col-50 elementor-top-column elementor-element elementor-element-48a78b8\" data-id=\"48a78b8\" data-element_type=\"column\" data-e-type=\"column\">\n\t\t\t<div class=\"elementor-widget-wrap elementor-element-populated\">\n\t\t\t\t\t\t<div class=\"elementor-element elementor-element-028778e elementor-widget elementor-widget-image\" data-id=\"028778e\" data-element_type=\"widget\" data-e-type=\"widget\" data-widget_type=\"image.default\">\n\t\t\t\t<div class=\"elementor-widget-container\">\n\t\t\t\t\t\t\t\t\t\t\t\t\t\t\t<img fetchpriority=\"high\" decoding=\"async\" width=\"1024\" height=\"671\" src=\"https:\/\/medinternational.com.tr\/de\/wp-content\/uploads\/2023\/03\/istanbul-bosphorus-bridge-at-sunset-with-car-traff-2021-08-29-17-48-45-utc-1-1024x671.jpg\" class=\"attachment-large size-large wp-image-529\" alt=\"\" srcset=\"https:\/\/medinternational.com.tr\/de\/wp-content\/uploads\/2023\/03\/istanbul-bosphorus-bridge-at-sunset-with-car-traff-2021-08-29-17-48-45-utc-1-1024x671.jpg 1024w, https:\/\/medinternational.com.tr\/de\/wp-content\/uploads\/2023\/03\/istanbul-bosphorus-bridge-at-sunset-with-car-traff-2021-08-29-17-48-45-utc-1-300x197.jpg 300w, https:\/\/medinternational.com.tr\/de\/wp-content\/uploads\/2023\/03\/istanbul-bosphorus-bridge-at-sunset-with-car-traff-2021-08-29-17-48-45-utc-1-768x503.jpg 768w, https:\/\/medinternational.com.tr\/de\/wp-content\/uploads\/2023\/03\/istanbul-bosphorus-bridge-at-sunset-with-car-traff-2021-08-29-17-48-45-utc-1-223x146.jpg 223w, https:\/\/medinternational.com.tr\/de\/wp-content\/uploads\/2023\/03\/istanbul-bosphorus-bridge-at-sunset-with-car-traff-2021-08-29-17-48-45-utc-1-50x33.jpg 50w, https:\/\/medinternational.com.tr\/de\/wp-content\/uploads\/2023\/03\/istanbul-bosphorus-bridge-at-sunset-with-car-traff-2021-08-29-17-48-45-utc-1-114x75.jpg 114w, https:\/\/medinternational.com.tr\/de\/wp-content\/uploads\/2023\/03\/istanbul-bosphorus-bridge-at-sunset-with-car-traff-2021-08-29-17-48-45-utc-1.jpg 1500w\" sizes=\"(max-width: 1024px) 100vw, 1024px\" \/>\t\t\t\t\t\t\t\t\t\t\t\t\t\t\t<\/div>\n\t\t\t\t<\/div>\n\t\t\t\t\t<\/div>\n\t\t<\/div>\n\t\t\t\t<div class=\"elementor-column elementor-col-50 elementor-top-column elementor-element elementor-element-c95b9ed\" data-id=\"c95b9ed\" data-element_type=\"column\" data-e-type=\"column\">\n\t\t\t<div class=\"elementor-widget-wrap elementor-element-populated\">\n\t\t\t\t\t\t<div class=\"elementor-element elementor-element-fa7e382 elementor-widget elementor-widget-text-editor\" data-id=\"fa7e382\" data-element_type=\"widget\" data-e-type=\"widget\" data-widget_type=\"text-editor.default\">\n\t\t\t\t<div class=\"elementor-widget-container\">\n\t\t\t\t\t\t\t\t\t<p>Als Med International Health Tourism Agency; Wir erbringen Dienstleistungen im Bereich Gesundheitstourismus mit hohen ethischen Werten und Qualit\u00e4tsstandards. Wir stellen sicher, dass jeder aus der ganzen Welt einen qualitativ hochwertigen und sicheren Service in Istanbul erh\u00e4lt, das f\u00fcr den Gesundheitstourismus sehr bevorzugt ist und Europa und Asien umfasst, mit international unter Vertrag stehenden und vom Gesundheitsministerium zugelassenen Krankenh\u00e4usern, Gesundheitseinrichtungen, \u00c4rzten und medizinischen Teams.<\/p><p>Im Lichte der Supervision unseres Gr\u00fcnders, der ein lizenzierter Experte auf dem Gebiet der Zahnprothesentechnologie ist; Wir m\u00f6chten Sie in Istanbul begr\u00fc\u00dfen, damit Sie von einem hochwertigen privaten Gesundheitsdienst und einer Organisation zusammen mit unserem erfahrenen Callcenter, medizinisch ausgebildeten Patientenberatern, die Fremdsprachen sprechen, und unseren Gesch\u00e4ftspartnern profitieren.<\/p>\t\t\t\t\t\t\t\t<\/div>\n\t\t\t\t<\/div>\n\t\t\t\t\t<\/div>\n\t\t<\/div>\n\t\t\t\t\t<\/div>\n\t\t<\/section>\n\t\t\t\t<\/div>\n\t\t","protected":false},"excerpt":{"rendered":"<p>Als Med International Health Tourism Agency; Wir erbringen Dienstleistungen im Bereich Gesundheitstourismus mit hohen ethischen Werten und Qualit\u00e4tsstandards. Wir stellen sicher, dass jeder aus der ganzen<span class=\"excerpt-hellip\"> [\u2026]<\/span><\/p>\n","protected":false},"author":1,"featured_media":0,"parent":0,"menu_order":0,"comment_status":"closed","ping_status":"closed","template":"","meta":{"footnotes":""},"class_list":["post-206","page","type-page","status-publish","hentry"],"_links":{"self":[{"href":"https:\/\/medinternational.com.tr\/de\/wp-json\/wp\/v2\/pages\/206","targetHints":{"allow":["GET"]}}],"collection":[{"href":"https:\/\/medinternational.com.tr\/de\/wp-json\/wp\/v2\/pages"}],"about":[{"href":"https:\/\/medinternational.com.tr\/de\/wp-json\/wp\/v2\/types\/page"}],"author":[{"embeddable":true,"href":"https:\/\/medinternational.com.tr\/de\/wp-json\/wp\/v2\/users\/1"}],"replies":[{"embeddable":true,"href":"https:\/\/medinternational.com.tr\/de\/wp-json\/wp\/v2\/comments?post=206"}],"version-history":[{"count":18,"href":"https:\/\/medinternational.com.tr\/de\/wp-json\/wp\/v2\/pages\/206\/revisions"}],"predecessor-version":[{"id":535,"href":"https:\/\/medinternational.com.tr\/de\/wp-json\/wp\/v2\/pages\/206\/revisions\/535"}],"wp:attachment":[{"href":"https:\/\/medinternational.com.tr\/de\/wp-json\/wp\/v2\/media?parent=206"}],"curies":[{"name":"wp","href":"https:\/\/api.w.org\/{rel}","templated":true}]}}